{"id":1054,"date":"2026-03-18T14:33:58","date_gmt":"2026-03-18T13:33:58","guid":{"rendered":"https:\/\/schluessel-waldenburg.ch\/privacy-policy\/"},"modified":"2026-03-31T18:20:25","modified_gmt":"2026-03-31T16:20:25","slug":"privacy-policy","status":"publish","type":"page","link":"https:\/\/schluessel-waldenburg.ch\/en\/privacy-policy\/","title":{"rendered":"Privacy policy"},"content":{"rendered":"\t\t<div data-elementor-type=\"wp-page\" data-elementor-id=\"1054\" class=\"elementor elementor-1054 elementor-618\" data-elementor-post-type=\"page\">\n\t\t\t\t<div class=\"elementor-element elementor-element-d837058 e-flex e-con-boxed elementor-invisible e-con e-parent\" data-id=\"d837058\" data-element_type=\"container\" data-e-type=\"container\" data-settings=\"{&quot;background_background&quot;:&quot;classic&quot;,&quot;animation&quot;:&quot;fadeInUp&quot;}\">\n\t\t\t\t\t<div class=\"e-con-inner\">\n\t\t\t\t\t<\/div>\n\t\t\t\t<\/div>\n\t\t<div class=\"elementor-element elementor-element-904b22e elementor-hidden-tablet elementor-hidden-mobile e-flex e-con-boxed e-con e-parent\" data-id=\"904b22e\" data-element_type=\"container\" data-e-type=\"container\">\n\t\t\t\t\t<div class=\"e-con-inner\">\n\t\t\t\t<div class=\"elementor-element elementor-element-d647dd6 elementor-widget__width-auto elementor-absolute reservation-btn elementor-invisible elementor-widget elementor-widget-image\" data-id=\"d647dd6\" data-element_type=\"widget\" data-e-type=\"widget\" data-settings=\"{&quot;_position&quot;:&quot;absolute&quot;,&quot;sticky&quot;:&quot;top&quot;,&quot;sticky_offset&quot;:100,&quot;_animation&quot;:&quot;fadeInUp&quot;,&quot;sticky_on&quot;:[&quot;desktop&quot;,&quot;tablet&quot;,&quot;mobile&quot;],&quot;sticky_effects_offset&quot;:0,&quot;sticky_anchor_link_offset&quot;:0}\" data-widget_type=\"image.default\">\n\t\t\t\t\t\t\t\t\t\t\t\t\t\t\t\t<a href=\"https:\/\/schluessel-waldenburg.ch\/#reservation\">\n\t\t\t\t\t\t\t<img decoding=\"async\" width=\"150\" height=\"150\" src=\"https:\/\/schluessel-waldenburg.ch\/wp-content\/uploads\/2026\/03\/RZ_Button_Reserve_E.svg\" class=\"attachment-thumbnail size-thumbnail wp-image-223\" alt=\"\" \/>\t\t\t\t\t\t\t\t<\/a>\n\t\t\t\t\t\t\t\t\t\t\t\t\t\t\t<\/div>\n\t\t\t\t\t<\/div>\n\t\t\t\t<\/div>\n\t\t<div class=\"elementor-element elementor-element-b80935e e-con-full e-flex elementor-invisible e-con e-parent\" data-id=\"b80935e\" data-element_type=\"container\" data-e-type=\"container\" data-settings=\"{&quot;background_background&quot;:&quot;classic&quot;,&quot;animation&quot;:&quot;fadeInUp&quot;}\">\n\t\t<div class=\"elementor-element elementor-element-ff17aac e-flex e-con-boxed e-con e-child\" data-id=\"ff17aac\" data-element_type=\"container\" data-e-type=\"container\" data-settings=\"{&quot;background_background&quot;:&quot;classic&quot;}\">\n\t\t\t\t\t<div class=\"e-con-inner\">\n\t\t\t\t<div class=\"elementor-element elementor-element-88be08e sectiontitle elementor-invisible elementor-widget elementor-widget-heading\" data-id=\"88be08e\" data-element_type=\"widget\" data-e-type=\"widget\" data-settings=\"{&quot;_animation&quot;:&quot;fadeIn&quot;}\" data-widget_type=\"heading.default\">\n\t\t\t\t\t<h1 class=\"elementor-heading-title elementor-size-default\">Privacy policy<\/h1>\t\t\t\t<\/div>\n\t\t\t\t<div class=\"elementor-element elementor-element-6c2507a elementor-invisible elementor-widget elementor-widget-text-editor\" data-id=\"6c2507a\" data-element_type=\"widget\" data-e-type=\"widget\" data-settings=\"{&quot;_animation&quot;:&quot;fadeIn&quot;}\" data-widget_type=\"text-editor.default\">\n\t\t\t\t\t\t\t\t\t<h3>1. Allgemeine Hinweise<\/h3><p>Die folgende Datenschutzerkl\u00e4rung gibt Ihnen einen transparenten \u00dcberblick dar\u00fcber, wie \u00abMagniti GmbH\u00bb, nachstehend auch \u00abSchl\u00fcssel Waldenburg\u00bb, \u00abwir\u00bb oder \u00abunser\u00bb, Ihre personenbezogenen Daten erfasst und bearbeitet.<\/p><h3>2. Verantwortlichkeit der Datenbearbeitung<\/h3><p>F\u00fcr die in dieser Datenschutzerkl\u00e4rung beschriebenen Bearbeitungen ist datenschutzrechtlich verantwortlich:<\/p><p>Magniti GmbH<br>Hauptstrasse 58<br>CH-4437 Waldenburg<\/p><p><a href=\"mailto:info@schluessel-waldenburg.ch\">info@schluessel-waldenburg.ch<\/a><\/p><h3>3. Zwecke der Datenbearbeitung<\/h3><p>Wenn Sie unsere Dienstleistungen in Anspruch nehmen, unsere Website \u00ab<a target=\"_new\" rel=\"noopener\">https:\/\/banana-schulung.ch\u00bb<\/a> besuchen oder sonst mit uns zu tun haben, beschaffen und bearbeiten wir verschiedene Personendaten. Grunds\u00e4tzlich k\u00f6nnen wir diese Daten insbesondere zu den folgenden Zwecken beschaffen und sonst bearbeiten: <\/p><p><strong>Kommunikation:<\/strong> Wir bearbeiten Personendaten, damit wir mit Ihnen in Kontakt treten k\u00f6nnen. Dies kann sowohl elektronisch, brieflich oder telefonisch geschehen. Die Kontaktaufnahmen erfolgen zur Erf\u00fcllung unserer Dienstleistungen (z.B. Produkt\u00fcbermittlungen oder Rechnungsstellung), zur Information \u00fcber Neuigkeiten (z.B. Newsletterversand) oder zur Beantwortung von Anfragen. Sie k\u00f6nnen solche Kommunikation jederzeit ablehnen bzw. eine Einwilligung in solche Kommunikation verweigern oder widerrufen. Wir bearbeiten insbesondere die Inhalte der Kommunikation, Ihre Kontaktdaten sowie die Randdaten der Kommunikation. Falls wir Ihre Identit\u00e4t feststellen m\u00fcssen oder wollen, erheben wir zus\u00e4tzliche Daten (z.B. eine Kopie eines Ausweises).     <\/p><p><strong>Betrieb unserer Website:<\/strong> Um unsere Websites sicher und stabil betreiben zu k\u00f6nnen, erheben wir technische Daten, wie z.B. IP-Adresse, Angaben \u00fcber das Betriebssystem und Einstellungen Ihres Endger\u00e4ts, die Region, den Zeitpunkt und die Art der Nutzung. Zudem verwenden wir Cookies und \u00e4hnliche Technologien. <\/p><p><strong>Sicherheitszwecke:<\/strong> Wir beschaffen und bearbeiten Personendaten, um die angemessene Sicherheit unserer IT und unserer sonstigen Infrastruktur zu gew\u00e4hrleisten und laufend zu verbessern. Hierzu geh\u00f6ren z.B. die \u00dcberwachung und die Kontrolle von elektronischen Zugriffen auf unsere IT-Systeme sowie von physischen Zug\u00e4ngen zu unseren R\u00e4umlichkeiten, Analysen und Tests unserer IT-Infrastruktur, System- und Fehlerpr\u00fcfungen und die Erstellung von Sicherheitskopien. <\/p><h3>4. Herkunft der Daten<\/h3><p>Der Grossteil der von uns bearbeiteten Daten geben Sie (oder Ihr Endger\u00e4t) uns selbst bekannt (z.B. im Zusammenhang mit unseren Dienstleistungen, der Nutzung unserer Websites oder der Kommunikation mit uns). Sie sind zur Bekanntgabe Ihrer Daten mit Ausnahmen in Einzelf\u00e4llen (z.B. gesetzliche Verpflichtungen) nicht verpflichtet. Wenn Sie jedoch beispielsweise mit uns Vertr\u00e4ge schliessen oder unsere Leistungen beanspruchen wollen, m\u00fcssen Sie uns gewisse Daten bekanntgeben. Auch die Verwendung unserer Websites ist ohne eine Datenbearbeitung nicht m\u00f6glich.   <\/p><p>Wir k\u00f6nnen auch Daten aus \u00f6ffentlich zug\u00e4nglichen Quellen (z.B. aus dem Internet inkl. Social Media) entnehmen oder erhalten diese von sonstigen Dritten (z.B. Adressh\u00e4ndler, Verb\u00e4nde, Internet-Analysedienste).<\/p><h3>5. Datenweitergabe<\/h3><p>Im Rahmen unserer Gesch\u00e4ftst\u00e4tigkeit arbeiten wir manchmal mit externen Stellen zusammen. Dabei ist teilweise auch eine \u00dcbermittlung von personenbezogenen Daten an diese externen Stellen erforderlich. Wir geben personenbezogene Daten nur dann an externe Stellen weiter, wenn dies im Rahmen einer Vertragserf\u00fcllung erforderlich ist, wenn wir gesetzlich hierzu verpflichtet sind (z.B. Weitergabe von Daten an Steuerbeh\u00f6rden), wenn wir ein berechtigtes Interesse nach Art. 6 Abs. 1 lit. f DSGVO an der Weitergabe haben oder wenn eine sonstige Rechtsgrundlage die Datenweitergabe erlaubt.    <\/p><h3>6. Datenweitergabe ins Ausland<\/h3><p>Wir bearbeiten und speichern Personendaten haupts\u00e4chlich in der Schweiz. Gewisse Daten k\u00f6nnen jedoch an Server im Ausland \u00fcbermittelt werden. Welche Daten genau ins Ausland \u00fcbermittelt werden, ist unter Ziff. 7 und Ziff. 8 aufgelistet.    <\/p><h3>7. Hosting<\/h3><p><strong>Externes Hosting<\/strong><br>Diese Website wird extern gehostet. Die personenbezogenen Daten, die auf dieser Website erfasst werden, werden auf den Servern des Hosters\/der Hoster gespeichert. Hierbei kann es sich v. a. um IP-Adressen, Kontaktanfragen, Meta- und Kommunikationsdaten, Vertragsdaten, Kontaktdaten, Namen, Websitezugriffe und sonstige Daten, die \u00fcber eine Website generiert werden, handeln.  <\/p><p>Das externe Hosting erfolgt zum Zwecke der Vertragserf\u00fcllung gegen\u00fcber unseren potenziellen und bestehenden KundInnen und im Interesse einer sicheren, schnellen und effizienten Bereitstellung unseres Online-Angebots durch einen professionellen Anbieter.<\/p><p>Unser Hoster wird bzw. werden Ihre Daten nur insoweit verarbeiten, wie dies zur Erf\u00fcllung seiner Leistungspflichten erforderlich ist und unsere Weisungen in Bezug auf diese Daten befolgen.<\/p><p>Wir setzen folgenden Hoster ein:<\/p><p>Swizzonic AG<br>Stauffacher<br>Badenerstrasse 47<br>8004 Zurich<\/p><p><strong>Auftragsverarbeitung<\/strong><br>Wir haben einen Vertrag \u00fcber Auftragsverarbeitung (AVV) zur Nutzung des oben genannten Dienstes geschlossen. Hierbei handelt es sich um einen datenschutzrechtlich vorgeschriebenen Vertrag, der gew\u00e4hrleistet, dass dieser die personenbezogenen Daten unserer WebsitebesucherInnen nur nach unseren Weisungen und unter Einhaltung des DSG verarbeitet. <\/p><h3>8. Cookies und Technologien<\/h3><p>Wir verwenden Cookies und diverse Technologien, um unser Webangebot nutzungsfreundlich zu gestalten, sowie um Analysedaten zu erhalten, wie Sie unsere Website nutzen.<\/p><p><strong>Cookies<br><\/strong><strong>Analysecookies<br><\/strong>Wir verwenden Cookies zur Analyse wer unser Websites besucht und wie diese genutzt werden.<\/p><p><strong>Spamschutz<\/strong><br>Cookies zum Aufzeichnen und Bewerten des NutzerInnen-Verhaltens, um maschinelle Formular\u00fcbermittlungen zu verhindern. Lesen Sie dazu \u00abGoogle reCAPTCHA\u00bb unter Externe Dienste. <\/p><p><strong>Externe Dienste<\/strong><br><strong>Google Maps<\/strong><br>Auf unserer Website verwenden wir Google Maps (API) von Google Inc. (1600 Amphitheatre Parkway, Mountain View, CA 94043, USA; zust\u00e4ndig f\u00fcr Europa ist Google Limited Ireland, \u00abGoogle\u00bb). Google Maps ist ein Webdienst zur Darstellung von interaktiven (Land-)Karten, um geographische Informationen visuell darzustellen. \u00dcber die Nutzung dieses Dienstes wird Ihnen unser Standort angezeigt und eine etwaige Anfahrt erleichtert. Bereits beim Aufrufen derjenigen Unterseiten, in die die Karte von Google Maps eingebunden ist, werden Informationen \u00fcber Ihre Nutzung unserer Website (wie z.B. Ihre IP-Adresse) an Server von Google in den USA \u00fcbertragen und dort gespeichert. Dies erfolgt unabh\u00e4ngig davon, ob Google ein Nutzerkonto bereitstellt, \u00fcber das Sie eingeloggt sind, oder ob kein Nutzerkonto besteht. Wenn Sie bei Google eingeloggt sind, werden Ihre Daten direkt Ihrem Konto zugeordnet. Wenn Sie die Zuordnung mit Ihrem Profil bei Google nicht w\u00fcnschen, m\u00fcssen Sie sich vor Aktivierung des Buttons ausloggen. Google speichert Ihre Daten (selbst f\u00fcr nicht eingeloggte Nutzer) als Nutzungsprofile und wertet diese aus.        <\/p><p>F\u00fcr Daten\u00fcbermittlungen in die USA hat sich Google verpflichtet, die EU-Standardvertragsklauseln zu unterzeichnen und einzuhalten. <a href=\"https:\/\/policies.google.com\/privacy?hl=de\" target=\"_new\" rel=\"noopener\">https:\/\/policies.google.com\/privacy?hl=de<\/a><\/p><p><strong>Google reCAPTCHA<\/strong><br>Wir nutzen \u00abGoogle reCAPTCHA\u00bb (im Folgenden \u00abreCAPTCHA\u00bb) auf dieser Website. Anbieter ist die Google Ireland Limited (\u00abGoogle\u00bb), Gordon House, Barrow Street, Dublin 4, Irland. <\/p><p>Mit reCAPTCHA soll \u00fcberpr\u00fcft werden, ob die Dateneingabe auf dieser Website (z.B. in einem Kontaktformular) durch einen Menschen oder durch ein automatisiertes Programm erfolgt. Hierzu analysiert reCAPTCHA das Verhalten des Websitebesuchers anhand verschiedener Merkmale. Diese Analyse beginnt automatisch, sobald der Websitebesucher die Website betritt. Zur Analyse wertet reCAPTCHA verschiedene Informationen aus (z.B. IP-Adresse, Verweildauer des Websitebesuchers auf der Website oder vom Nutzer get\u00e4tigte Mausbewegungen). Die bei der Analyse erfassten Daten werden an Google weitergeleitet.    <\/p><p>Die reCAPTCHA-Analysen laufen vollst\u00e4ndig im Hintergrund. Websitebesucher werden nicht darauf hingewiesen, dass eine Analyse stattfindet. <\/p><p>Die Speicherung und Analyse der Daten erfolgt auf Grundlage von Art. 6 Abs. 1 lit. f DSGVO. Der Websitebetreiber hat ein berechtigtes Interesse daran, seine Webangebote vor missbr\u00e4uchlicher automatisierter Aussp\u00e4hung und vor SPAM zu sch\u00fctzen. Sofern eine entsprechende Einwilligung abgefragt wurde, erfolgt die Verarbeitung ausschliesslich auf Grundlage von Art. 6 Abs. 1 lit. a DSGVO und \u00a7 25 Abs. 1 TTDSG, soweit die Einwilligung die Speicherung von Cookies oder den Zugriff auf Informationen im Endger\u00e4t des Nutzers (z.B. Device-Fingerprinting) im Sinne des TTDSG umfasst. Die Einwilligung ist jederzeit widerrufbar.        <\/p><p>Weitere Informationen zu Google reCAPTCHA entnehmen Sie den Google-Datenschutzbestimmungen und den Google Nutzungsbedingungen unter folgenden Links: <a href=\"https:\/\/policies.google.com\/privacy?hl=de\" target=\"_new\" rel=\"noopener\">https:\/\/policies.google.com\/privacy?hl=de<\/a> und <a href=\"https:\/\/policies.google.com\/terms?hl=de\" target=\"_new\" rel=\"noopener\">https:\/\/policies.google.com\/terms?hl=de<\/a>.<\/p><p>Das Unternehmen verf\u00fcgt \u00fcber eine Zertifizierung nach dem US-EU- bzw. dem US-Schweiz-Datenschutzabkommen \u00abSwiss-U.S. Privacy Shield\u00bb. Weitere Informationen dazu finden Sie unter <a href=\"https:\/\/www.privacyshield.gov\/participant?id=a2zt000000001L5AAI\" target=\"_blank\" rel=\"noopener\">https:\/\/www.privacyshield.gov\/participant?id=a2zt000000001L5AAI<\/a>. <\/p><p><strong>Online-Reservationen in unserem Restaurant<\/strong><\/p><p>Im Zusammenhang mit Online-Tischreservationen verwenden wir auf unserer Website den Reservationsdienst Foratable der Lunchgate AG, Badenerstrasse 255, 8003 Z\u00fcrich, Schweiz. Bei der Nutzung des Reservationsdienstes senden Sie \u00fcber die Eingabefelder personenbezogene Daten wie Ihren Namen, Telefonnummer, E-Mail-Adresse, die gew\u00fcnschte Anzahl G\u00e4ste oder Bemerkungen an Lunchgate. Diese Daten sind f\u00fcr die Durchf\u00fchrung einer Online-Reservation notwendig und m\u00fcssen deshalb bei der Lunchgate AG gespeichert werden.<\/p><p>Weitere Informationen zum Datenschutz von Lunchgate AG k\u00f6nnen den Nutzungsbedingungen des Anbieters unter folgendem Link entnommen werden: <a title=\"\" href=\"https:\/\/www.lunchgate.ch\/nutzungsbedingungen\" target=\"_blank\" rel=\"noopener\">https:\/\/www.lunchgate.ch\/nutzungsbedingungen<\/a>.<\/p><p>Die Rechtsgrundlage der Bearbeitung der Daten f\u00fcr diese Zwecke liegt Durchf\u00fchrung von vorvertraglichen Massnahmen und der Erf\u00fcllung eines Vertrages nach der massgebenden Datenschutzgesetzgebung.<\/p><h3>9. Ihre Rechte<\/h3><p>Sie haben als von der Bearbeitung Ihrer Personendaten betroffene Person verschiedene Rechte. Diese Rechte richten sich nach dem anwendbaren Datenschutzrecht und k\u00f6nnen je nach den anwendbaren Datenschutzgesetzen unterschiedlich ausgestaltet sein. Die wichtigsten Rechte sind nachfolgend aufgef\u00fchrt:<\/p><p><strong>Recht auf Auskunft:<\/strong> Sie haben das Recht, jederzeit Auskunft \u00fcber Ihre von uns bearbeiteten Personendaten zu verlangen. Dies gibt Ihnen die M\u00f6glichkeit, zu \u00fcberpr\u00fcfen, welche Personendaten wir \u00fcber Sie bearbeiten und dass wir diese gem\u00e4ss den geltenden Datenschutzbestimmungen verwenden.<\/p><p><strong>Recht auf Berichtigung:<\/strong> Sie haben das Recht, unrichtige oder unvollst\u00e4ndige Personendaten berichtigen zu lassen und \u00fcber die Berichtigung informiert zu werden. In diesem Fall informieren wir die Empf\u00e4ngerInnen der betroffenen Daten \u00fcber die von uns vorgenommenen Korrekturen, sofern dies nicht unm\u00f6glich ist oder mit einem unverh\u00e4ltnism\u00e4ssigen Aufwand verbunden ist.<\/p><p><strong>Recht auf L\u00f6schung:<\/strong> Sie haben das Recht, die L\u00f6schung Ihrer Personendaten zu verlangen. Wenn wir Ihre Personendaten gel\u00f6scht haben, k\u00f6nnen wir Ihnen ggf. unsere Leistungen oder Dienstleistungen nicht mehr anbieten.<\/p><p><strong>Recht auf Einschr\u00e4nkung der Verarbeitung:<\/strong> Sie haben das Recht, die Verarbeitung Ihrer Personendaten einzuschr\u00e4nken.<\/p><p><strong>Recht auf Daten\u00fcbertragung:<\/strong> Sie haben das Recht, von uns die Personendaten, die Sie uns zur Verf\u00fcgung gestellt haben, in einem lesbaren Format zu verlangen.<\/p><p><strong>Recht auf Widerruf:<\/strong> Sie haben das Recht, eine erteilte Einwilligung zur Bearbeitung Ihrer Personendaten jederzeit zu widerrufen. Der Widerruf hat nur f\u00fcr die Zukunft Wirkung. Davon ausgenommen sind Daten, die wir zwingend aufbewahren m\u00fcssen, z.B. aus gesetzlichen Gr\u00fcnden.<\/p><p><strong>Recht auf Widerspruch:<\/strong> Sie haben das Recht, der Bearbeitung Ihrer Personendaten zu widersprechen.<\/p><p><strong>Automatisierte Einzelentscheidung, einschliesslich Profiling:<\/strong> Sie haben das Recht, nicht einer ausschliesslich auf einer automatisierten Bearbeitung \u2013 einschliesslich Profiling \u2013 beruhenden Entscheidung unterworfen zu werden, die Ihnen gegen\u00fcber rechtliche Wirkung entfaltet oder Sie in \u00e4hnlicher Weise erheblich beeintr\u00e4chtigt.<\/p><p><strong>Beschwerderecht:<\/strong> Sie haben das Recht, eine Beschwerde bei der zust\u00e4ndigen Aufsichtsbeh\u00f6rde einzureichen.<\/p><p>Gegebenenfalls m\u00fcssen wir Ihre Identit\u00e4t z.B. mittels einer Ausweiskopie feststellen, um Ihnen Auskunft zu Ihren Daten zu geben.<\/p><h3>10. Aktualisierung<\/h3><p>Diese Datenschutzerkl\u00e4rung k\u00f6nnen wir jederzeit und ohne Vorank\u00fcndigung anpassen. Es gilt die jeweils aktuelle, auf unserer Website publizierte Fassung.<\/p>\t\t\t\t\t\t\t\t<\/div>\n\t\t\t\t\t<\/div>\n\t\t\t\t<\/div>\n\t\t\t\t<\/div>\n\t\t\t\t<\/div>\n\t\t","protected":false},"excerpt":{"rendered":"<p>Privacy policy 1. Allgemeine Hinweise Die folgende Datenschutzerkl\u00e4rung gibt Ihnen einen transparenten \u00dcberblick dar\u00fcber, wie \u00abMagniti GmbH\u00bb, nachstehend auch \u00abSchl\u00fcssel Waldenburg\u00bb, \u00abwir\u00bb oder \u00abunser\u00bb, Ihre personenbezogenen Daten erfasst und bearbeitet. 2. Verantwortlichkeit der Datenbearbeitung F\u00fcr die in dieser Datenschutzerkl\u00e4rung beschriebenen Bearbeitungen ist datenschutzrechtlich verantwortlich: Magniti GmbHHauptstrasse 58CH-4437 Waldenburg info@schluessel-waldenburg.ch 3. Zwecke der Datenbearbeitung Wenn Sie [&hellip;]<\/p>\n","protected":false},"author":1,"featured_media":0,"parent":0,"menu_order":0,"comment_status":"closed","ping_status":"closed","template":"","meta":{"_acf_changed":false,"footnotes":""},"class_list":["post-1054","page","type-page","status-publish","hentry"],"acf":[],"_links":{"self":[{"href":"https:\/\/schluessel-waldenburg.ch\/en\/wp-json\/wp\/v2\/pages\/1054","targetHints":{"allow":["GET"]}}],"collection":[{"href":"https:\/\/schluessel-waldenburg.ch\/en\/wp-json\/wp\/v2\/pages"}],"about":[{"href":"https:\/\/schluessel-waldenburg.ch\/en\/wp-json\/wp\/v2\/types\/page"}],"author":[{"embeddable":true,"href":"https:\/\/schluessel-waldenburg.ch\/en\/wp-json\/wp\/v2\/users\/1"}],"replies":[{"embeddable":true,"href":"https:\/\/schluessel-waldenburg.ch\/en\/wp-json\/wp\/v2\/comments?post=1054"}],"version-history":[{"count":2,"href":"https:\/\/schluessel-waldenburg.ch\/en\/wp-json\/wp\/v2\/pages\/1054\/revisions"}],"predecessor-version":[{"id":1056,"href":"https:\/\/schluessel-waldenburg.ch\/en\/wp-json\/wp\/v2\/pages\/1054\/revisions\/1056"}],"wp:attachment":[{"href":"https:\/\/schluessel-waldenburg.ch\/en\/wp-json\/wp\/v2\/media?parent=1054"}],"curies":[{"name":"wp","href":"https:\/\/api.w.org\/{rel}","templated":true}]}}