{"id":1000,"date":"2026-03-17T15:16:03","date_gmt":"2026-03-17T14:16:03","guid":{"rendered":"https:\/\/schluessel-waldenburg.ch\/current\/"},"modified":"2026-04-01T11:29:55","modified_gmt":"2026-04-01T09:29:55","slug":"current","status":"publish","type":"page","link":"https:\/\/schluessel-waldenburg.ch\/en\/current\/","title":{"rendered":"Current"},"content":{"rendered":"\t\t<div data-elementor-type=\"wp-page\" data-elementor-id=\"1000\" class=\"elementor elementor-1000 elementor-351\" data-elementor-post-type=\"page\">\n\t\t\t\t<div class=\"elementor-element elementor-element-3776b28 e-con-full header-slider-container e-flex elementor-invisible e-con e-parent\" data-id=\"3776b28\" data-element_type=\"container\" data-e-type=\"container\" data-settings=\"{&quot;animation&quot;:&quot;fadeInUp&quot;}\">\n\t\t\t\t<div class=\"elementor-element elementor-element-312b258 header-slider elementor--h-position-center elementor--v-position-middle elementor-widget elementor-widget-slides\" data-id=\"312b258\" data-element_type=\"widget\" data-e-type=\"widget\" data-settings=\"{&quot;navigation&quot;:&quot;none&quot;,&quot;infinite&quot;:&quot;yes&quot;,&quot;transition&quot;:&quot;slide&quot;,&quot;transition_speed&quot;:500}\" data-widget_type=\"slides.default\">\n\t\t\t\t\t\t\t\t\t\t<div class=\"elementor-slides-wrapper elementor-main-swiper swiper\" role=\"region\" aria-roledescription=\"carousel\" aria-label=\"Slider\" dir=\"ltr\" data-animation=\"fadeInUp\">\n\t\t\t\t<div class=\"swiper-wrapper elementor-slides\">\n\t\t\t\t\t\t\t\t\t\t<div class=\"elementor-repeater-item-3f7f22e swiper-slide\" role=\"group\" aria-roledescription=\"slide\"><div class=\"swiper-slide-bg elementor-ken-burns elementor-ken-burns--in\" role=\"img\" aria-label=\"RZ_Schluessel_Waldenburg_Food_3A\"><\/div><div class=\"swiper-slide-inner\" ><div class=\"swiper-slide-contents\"><\/div><\/div><\/div><div class=\"elementor-repeater-item-340021f swiper-slide\" role=\"group\" aria-roledescription=\"slide\"><div class=\"swiper-slide-bg elementor-ken-burns elementor-ken-burns--in\" role=\"img\" aria-label=\"RZ_Schluessel_Waldenburg_Food_3A\"><\/div><div class=\"swiper-slide-inner\" ><div class=\"swiper-slide-contents\"><\/div><\/div><\/div>\t\t\t\t<\/div>\n\t\t\t\t\t\t\t\t\t\t\t\t\t\t\t\t\t\t\t\t\t<\/div>\n\t\t\t\t\t\t\t\t<\/div>\n\t\t\t\t<div class=\"elementor-element elementor-element-5c425a2 header-slider-title elementor-invisible elementor-widget elementor-widget-heading\" data-id=\"5c425a2\" data-element_type=\"widget\" data-e-type=\"widget\" data-settings=\"{&quot;_animation&quot;:&quot;fadeIn&quot;,&quot;_animation_delay&quot;:1000}\" data-widget_type=\"heading.default\">\n\t\t\t\t\t<span class=\"elementor-heading-title elementor-size-default\">Currently freshly prepared at Schl\u00fcssel<br>.<\/span>\t\t\t\t<\/div>\n\t\t\t\t<\/div>\n\t\t<div class=\"elementor-element elementor-element-904b22e elementor-hidden-tablet elementor-hidden-mobile e-flex e-con-boxed e-con e-parent\" data-id=\"904b22e\" data-element_type=\"container\" data-e-type=\"container\">\n\t\t\t\t\t<div class=\"e-con-inner\">\n\t\t\t\t<div class=\"elementor-element elementor-element-d647dd6 elementor-widget__width-auto elementor-absolute reservation-btn elementor-invisible elementor-widget elementor-widget-image\" data-id=\"d647dd6\" data-element_type=\"widget\" data-e-type=\"widget\" data-settings=\"{&quot;_position&quot;:&quot;absolute&quot;,&quot;sticky&quot;:&quot;top&quot;,&quot;sticky_offset&quot;:100,&quot;_animation&quot;:&quot;fadeInUp&quot;,&quot;sticky_on&quot;:[&quot;desktop&quot;,&quot;tablet&quot;,&quot;mobile&quot;],&quot;sticky_effects_offset&quot;:0,&quot;sticky_anchor_link_offset&quot;:0}\" data-widget_type=\"image.default\">\n\t\t\t\t\t\t\t\t\t\t\t\t\t\t\t\t<a href=\"https:\/\/schluessel-waldenburg.ch\/#reservation\">\n\t\t\t\t\t\t\t<img decoding=\"async\" width=\"150\" height=\"150\" src=\"https:\/\/schluessel-waldenburg.ch\/wp-content\/uploads\/2026\/03\/RZ_Button_Reserve_E.svg\" class=\"attachment-thumbnail size-thumbnail wp-image-223\" alt=\"\" \/>\t\t\t\t\t\t\t\t<\/a>\n\t\t\t\t\t\t\t\t\t\t\t\t\t\t\t<\/div>\n\t\t\t\t\t<\/div>\n\t\t\t\t<\/div>\n\t\t<div class=\"elementor-element elementor-element-b80935e e-con-full e-flex elementor-invisible e-con e-parent\" data-id=\"b80935e\" data-element_type=\"container\" data-e-type=\"container\" data-settings=\"{&quot;background_background&quot;:&quot;classic&quot;,&quot;animation&quot;:&quot;fadeInUp&quot;}\">\n\t\t<div class=\"elementor-element elementor-element-ff17aac e-flex e-con-boxed e-con e-child\" data-id=\"ff17aac\" data-element_type=\"container\" data-e-type=\"container\" data-settings=\"{&quot;background_background&quot;:&quot;classic&quot;}\">\n\t\t\t\t\t<div class=\"e-con-inner\">\n\t\t\t\t<div class=\"elementor-element elementor-element-88be08e sectiontitle elementor-invisible elementor-widget elementor-widget-heading\" data-id=\"88be08e\" data-element_type=\"widget\" data-e-type=\"widget\" data-settings=\"{&quot;_animation&quot;:&quot;fadeIn&quot;}\" data-widget_type=\"heading.default\">\n\t\t\t\t\t<h1 class=\"elementor-heading-title elementor-size-default\">Brunch \u00e0 discr\u00e9tion over the Easter holidays.  <\/h1>\t\t\t\t<\/div>\n\t\t\t\t<div class=\"elementor-element elementor-element-6c2507a elementor-invisible elementor-widget elementor-widget-text-editor\" data-id=\"6c2507a\" data-element_type=\"widget\" data-e-type=\"widget\" data-settings=\"{&quot;_animation&quot;:&quot;fadeIn&quot;}\" data-widget_type=\"text-editor.default\">\n\t\t\t\t\t\t\t\t\t<p>On Easter Sunday and Easter Monday from 10 a.m. to 2 p.m. we welcome you to our delicious brunch buffet with a variety of hot and cold dishes.<\/p><p>Reserve a table today.<br>Phone 061 557 08 71<\/p>\t\t\t\t\t\t\t\t<\/div>\n\t\t\t\t<div class=\"elementor-element elementor-element-0f0d924 elementor-align-center custom-btn reservation-btn-txt elementor-widget elementor-widget-button\" data-id=\"0f0d924\" data-element_type=\"widget\" data-e-type=\"widget\" data-widget_type=\"button.default\">\n\t\t\t\t\t\t\t\t\t\t<a class=\"elementor-button elementor-button-link elementor-size-sm\" href=\"https:\/\/schluessel-waldenburg.ch\/#reservation\">\n\t\t\t\t\t\t<span class=\"elementor-button-content-wrapper\">\n\t\t\t\t\t\t\t\t\t<span class=\"elementor-button-text\">Book a table<\/span>\n\t\t\t\t\t<\/span>\n\t\t\t\t\t<\/a>\n\t\t\t\t\t\t\t\t<\/div>\n\t\t\t\t\t<\/div>\n\t\t\t\t<\/div>\n\t\t\t\t<\/div>\n\t\t\t\t<\/div>\n\t\t","protected":false},"excerpt":{"rendered":"<p>Currently freshly prepared at Schl\u00fcssel. Brunch \u00e0 discr\u00e9tion over the Easter holidays. On Easter Sunday and Easter Monday from 10 a.m. to 2 p.m. we welcome you to our delicious brunch buffet with a variety of hot and cold dishes. Reserve a table today.Phone 061 557 08 71 Book a table<\/p>\n","protected":false},"author":1,"featured_media":0,"parent":0,"menu_order":0,"comment_status":"closed","ping_status":"closed","template":"","meta":{"_acf_changed":false,"footnotes":""},"class_list":["post-1000","page","type-page","status-publish","hentry"],"acf":[],"_links":{"self":[{"href":"https:\/\/schluessel-waldenburg.ch\/en\/wp-json\/wp\/v2\/pages\/1000","targetHints":{"allow":["GET"]}}],"collection":[{"href":"https:\/\/schluessel-waldenburg.ch\/en\/wp-json\/wp\/v2\/pages"}],"about":[{"href":"https:\/\/schluessel-waldenburg.ch\/en\/wp-json\/wp\/v2\/types\/page"}],"author":[{"embeddable":true,"href":"https:\/\/schluessel-waldenburg.ch\/en\/wp-json\/wp\/v2\/users\/1"}],"replies":[{"embeddable":true,"href":"https:\/\/schluessel-waldenburg.ch\/en\/wp-json\/wp\/v2\/comments?post=1000"}],"version-history":[{"count":6,"href":"https:\/\/schluessel-waldenburg.ch\/en\/wp-json\/wp\/v2\/pages\/1000\/revisions"}],"predecessor-version":[{"id":1165,"href":"https:\/\/schluessel-waldenburg.ch\/en\/wp-json\/wp\/v2\/pages\/1000\/revisions\/1165"}],"wp:attachment":[{"href":"https:\/\/schluessel-waldenburg.ch\/en\/wp-json\/wp\/v2\/media?parent=1000"}],"curies":[{"name":"wp","href":"https:\/\/api.w.org\/{rel}","templated":true}]}}